{"id":29168,"date":"2018-09-10T02:56:22","date_gmt":"2018-09-10T02:56:22","guid":{"rendered":"https:\/\/demo2wpopal.b-cdn.net\/auros\/?page_id=13"},"modified":"2025-10-29T15:48:40","modified_gmt":"2025-10-29T14:48:40","slug":"apropos","status":"publish","type":"page","link":"https:\/\/baetik.com\/ar\/apropos\/","title":{"rendered":"\u0645\u0646 \u0646\u062d\u0646\u061f"},"content":{"rendered":"<div data-elementor-type=\"wp-post\" data-elementor-id=\"29168\" class=\"elementor elementor-29168\" data-elementor-post-type=\"page\">\n\t\t\t\t\t\t<section class=\"elementor-section elementor-top-section elementor-element elementor-element-67b8099 elementor-section-boxed elementor-section-height-default elementor-section-height-default\" data-id=\"67b8099\" data-element_type=\"section\" data-e-type=\"section\">\n\t\t\t\t\t\t<div class=\"elementor-container elementor-column-gap-default\">\n\t\t\t\t\t<div class=\"elementor-column elementor-col-100 elementor-top-column elementor-element elementor-element-4e0b897\" data-id=\"4e0b897\" data-element_type=\"column\" data-e-type=\"column\">\n\t\t\t<div class=\"elementor-widget-wrap elementor-element-populated\">\n\t\t\t\t\t\t<div class=\"elementor-element elementor-element-b19034e elementor-invisible elementor-widget elementor-widget-heading\" data-id=\"b19034e\" data-element_type=\"widget\" data-e-type=\"widget\" data-settings=\"{&quot;_animation&quot;:&quot;fadeInUp&quot;}\" data-widget_type=\"heading.default\">\n\t\t\t\t\t<h2 class=\"elementor-heading-title elementor-size-default\">\u0645\u0646 \u0646\u062d\u0646\u061f<\/h2>\t\t\t\t<\/div>\n\t\t\t\t<div class=\"elementor-element elementor-element-744f424 elementor-invisible elementor-widget elementor-widget-text-editor\" data-id=\"744f424\" data-element_type=\"widget\" data-e-type=\"widget\" data-settings=\"{&quot;_animation&quot;:&quot;fadeInUp&quot;}\" data-widget_type=\"text-editor.default\">\n\t\t\t\t\t\t\t\t\t<p><span style=\"font-weight: 400;\">baetik \u0648\u064f\u0644\u062f\u062a \u0645\u0646 \u0641\u0643\u0631\u0629 \u0628\u0633\u064a\u0637\u0629: \u0625\u0636\u0627\u0641\u0629 \u0627\u0644\u062f\u0641\u0621 \u0648\u0627\u0644\u062a\u0635\u0645\u064a\u0645 \u0627\u0644\u0639\u0635\u0631\u064a \u0625\u0644\u0649 \u0627\u0644\u0645\u0646\u0627\u0632\u0644 \u0627\u0644\u062c\u0632\u0627\u0626\u0631\u064a\u0629. \u0627\u0646\u0637\u0644\u0627\u0642\u0627\u064b \u0645\u0646 \u0648\u0631\u0634\u0629 \u0635\u063a\u064a\u0631\u0629\u060c \u0637\u0648\u0651\u0631\u0646\u0627 \u0645\u0646\u062a\u062c\u0627\u062a \u062c\u0645\u064a\u0644\u0629 \u0648\u0645\u062a\u064a\u0646\u0629. \u0646\u062d\u0646 \u0646\u064f\u0648\u0644\u064a \u0627\u0644\u062c\u0648\u062f\u0629 \u0627\u0644\u0623\u0648\u0644\u0648\u064a\u0629 \u0648\u0646\u0633\u0647\u0651\u0644 \u0627\u0644\u062a\u0648\u0635\u064a\u0644\u060c \u0645\u0639 \u0627\u0644\u062f\u0641\u0639 \u0639\u0646\u062f \u0627\u0644\u0627\u0633\u062a\u0644\u0627\u0645 \u0644\u0631\u0627\u062d\u0629 \u0632\u0628\u0627\u0626\u0646\u0646\u0627.<\/span><span style=\"font-weight: 400;\"><br \/><\/span><\/p>\t\t\t\t\t\t\t\t<\/div>\n\t\t\t\t\t<\/div>\n\t\t<\/div>\n\t\t\t\t\t<\/div>\n\t\t<\/section>\n\t\t\t\t<section class=\"elementor-section elementor-top-section elementor-element elementor-element-dba616d elementor-section-boxed elementor-section-height-default elementor-section-height-default\" data-id=\"dba616d\" data-element_type=\"section\" data-e-type=\"section\">\n\t\t\t\t\t\t<div class=\"elementor-container elementor-column-gap-default\">\n\t\t\t\t\t<div class=\"elementor-column elementor-col-50 elementor-top-column elementor-element elementor-element-61b4377 animated-fast elementor-invisible\" data-id=\"61b4377\" data-element_type=\"column\" data-e-type=\"column\" data-settings=\"{&quot;animation&quot;:&quot;opal-move-right&quot;}\">\n\t\t\t<div class=\"elementor-widget-wrap elementor-element-populated\">\n\t\t\t\t\t\t<div class=\"elementor-element elementor-element-47592ca elementor-invisible elementor-widget elementor-widget-image\" data-id=\"47592ca\" data-element_type=\"widget\" data-e-type=\"widget\" data-settings=\"{&quot;_animation&quot;:&quot;fadeInLeft&quot;}\" data-widget_type=\"image.default\">\n\t\t\t\t\t\t\t\t\t\t\t\t\t\t\t<img fetchpriority=\"high\" decoding=\"async\" width=\"800\" height=\"800\" src=\"https:\/\/baetik.com\/wp-content\/uploads\/2025\/10\/c7845120-3e62-11f0-8b94-d7698adcec77-e1761213598929-800x800.jpg\" class=\"attachment-large size-large wp-image-29409\" alt=\"\" srcset=\"https:\/\/baetik.com\/wp-content\/uploads\/2025\/10\/c7845120-3e62-11f0-8b94-d7698adcec77-e1761213598929-800x800.jpg 800w, https:\/\/baetik.com\/wp-content\/uploads\/2025\/10\/c7845120-3e62-11f0-8b94-d7698adcec77-e1761213598929-430x430.jpg 430w, https:\/\/baetik.com\/wp-content\/uploads\/2025\/10\/c7845120-3e62-11f0-8b94-d7698adcec77-e1761213598929-100x100.jpg 100w, https:\/\/baetik.com\/wp-content\/uploads\/2025\/10\/c7845120-3e62-11f0-8b94-d7698adcec77-e1761213598929-700x700.jpg 700w, https:\/\/baetik.com\/wp-content\/uploads\/2025\/10\/c7845120-3e62-11f0-8b94-d7698adcec77-e1761213598929-300x300.jpg 300w, https:\/\/baetik.com\/wp-content\/uploads\/2025\/10\/c7845120-3e62-11f0-8b94-d7698adcec77-e1761213598929-150x150.jpg 150w, https:\/\/baetik.com\/wp-content\/uploads\/2025\/10\/c7845120-3e62-11f0-8b94-d7698adcec77-e1761213598929-768x768.jpg 768w, https:\/\/baetik.com\/wp-content\/uploads\/2025\/10\/c7845120-3e62-11f0-8b94-d7698adcec77-e1761213598929-1536x1536.jpg 1536w, https:\/\/baetik.com\/wp-content\/uploads\/2025\/10\/c7845120-3e62-11f0-8b94-d7698adcec77-e1761213598929-400x400.jpg 400w, https:\/\/baetik.com\/wp-content\/uploads\/2025\/10\/c7845120-3e62-11f0-8b94-d7698adcec77-e1761213598929.jpg 1920w\" sizes=\"(max-width: 800px) 100vw, 800px\" \/>\t\t\t\t\t\t\t\t\t\t\t\t\t\t\t<\/div>\n\t\t\t\t\t<\/div>\n\t\t<\/div>\n\t\t\t\t<div class=\"elementor-column elementor-col-50 elementor-top-column elementor-element elementor-element-ca6d932 animated-fast elementor-invisible\" data-id=\"ca6d932\" data-element_type=\"column\" data-e-type=\"column\" data-settings=\"{&quot;animation&quot;:&quot;opal-move-left&quot;}\">\n\t\t\t<div class=\"elementor-widget-wrap elementor-element-populated\">\n\t\t\t\t\t\t<div class=\"elementor-element elementor-element-5d21fc3 elementor-invisible elementor-widget elementor-widget-image\" data-id=\"5d21fc3\" data-element_type=\"widget\" data-e-type=\"widget\" data-settings=\"{&quot;_animation&quot;:&quot;fadeInRight&quot;}\" data-widget_type=\"image.default\">\n\t\t\t\t\t\t\t\t\t\t\t\t\t\t\t<img decoding=\"async\" width=\"800\" height=\"800\" src=\"https:\/\/baetik.com\/wp-content\/uploads\/2025\/10\/3f25b1ac311b1dedebd4366e89c8d865-800x800.jpg\" class=\"attachment-large size-large wp-image-29419\" alt=\"\" srcset=\"https:\/\/baetik.com\/wp-content\/uploads\/2025\/10\/3f25b1ac311b1dedebd4366e89c8d865-800x800.jpg 800w, https:\/\/baetik.com\/wp-content\/uploads\/2025\/10\/3f25b1ac311b1dedebd4366e89c8d865-430x430.jpg 430w, https:\/\/baetik.com\/wp-content\/uploads\/2025\/10\/3f25b1ac311b1dedebd4366e89c8d865-100x100.jpg 100w, https:\/\/baetik.com\/wp-content\/uploads\/2025\/10\/3f25b1ac311b1dedebd4366e89c8d865-700x700.jpg 700w, https:\/\/baetik.com\/wp-content\/uploads\/2025\/10\/3f25b1ac311b1dedebd4366e89c8d865-300x300.jpg 300w, https:\/\/baetik.com\/wp-content\/uploads\/2025\/10\/3f25b1ac311b1dedebd4366e89c8d865-150x150.jpg 150w, https:\/\/baetik.com\/wp-content\/uploads\/2025\/10\/3f25b1ac311b1dedebd4366e89c8d865-768x768.jpg 768w, https:\/\/baetik.com\/wp-content\/uploads\/2025\/10\/3f25b1ac311b1dedebd4366e89c8d865-400x400.jpg 400w, https:\/\/baetik.com\/wp-content\/uploads\/2025\/10\/3f25b1ac311b1dedebd4366e89c8d865.jpg 1200w\" sizes=\"(max-width: 800px) 100vw, 800px\" \/>\t\t\t\t\t\t\t\t\t\t\t\t\t\t\t<\/div>\n\t\t\t\t\t<\/div>\n\t\t<\/div>\n\t\t\t\t\t<\/div>\n\t\t<\/section>\n\t\t\t\t<section class=\"elementor-section elementor-top-section elementor-element elementor-element-b225e54 elementor-section-boxed elementor-section-height-default elementor-section-height-default\" data-id=\"b225e54\" data-element_type=\"section\" data-e-type=\"section\">\n\t\t\t\t\t\t<div class=\"elementor-container elementor-column-gap-default\">\n\t\t\t\t\t<div class=\"elementor-column elementor-col-100 elementor-top-column elementor-element elementor-element-ca42837\" data-id=\"ca42837\" data-element_type=\"column\" data-e-type=\"column\">\n\t\t\t<div class=\"elementor-widget-wrap elementor-element-populated\">\n\t\t\t\t\t\t<div class=\"elementor-element elementor-element-0312e00 animated-fast elementor-invisible elementor-widget elementor-widget-heading\" data-id=\"0312e00\" data-element_type=\"widget\" data-e-type=\"widget\" data-settings=\"{&quot;_animation&quot;:&quot;opal-move-up&quot;}\" data-widget_type=\"heading.default\">\n\t\t\t\t\t<h2 class=\"elementor-heading-title elementor-size-default\">\u0644\u0645\u0627\u0630\u0627 baetik<\/h2>\t\t\t\t<\/div>\n\t\t\t\t<section class=\"elementor-section elementor-inner-section elementor-element elementor-element-a6731d5 elementor-section-boxed elementor-section-height-default elementor-section-height-default\" data-id=\"a6731d5\" data-element_type=\"section\" data-e-type=\"section\">\n\t\t\t\t\t\t<div class=\"elementor-container elementor-column-gap-default\">\n\t\t\t\t\t<div class=\"elementor-column elementor-col-33 elementor-inner-column elementor-element elementor-element-d887348\" data-id=\"d887348\" data-element_type=\"column\" data-e-type=\"column\">\n\t\t\t<div class=\"elementor-widget-wrap elementor-element-populated\">\n\t\t\t\t\t\t<div class=\"elementor-element elementor-element-982ceac animated-fast elementor-invisible elementor-widget elementor-widget-image-box\" data-id=\"982ceac\" data-element_type=\"widget\" data-e-type=\"widget\" data-settings=\"{&quot;_animation&quot;:&quot;opal-move-right&quot;}\" data-widget_type=\"image-box.default\">\n\t\t\t\t\t<div class=\"elementor-image-box-wrapper\"><div class=\"elementor-image-box-content\"><h3 class=\"elementor-image-box-title\">\u0627\u0644\u062a\u0635\u0645\u064a\u0645 \u0648 \u0627\u0644\u062c\u0648\u062f\u0629<\/h3><p class=\"elementor-image-box-description\">\u062a\u0635\u0645\u064a\u0645 \u0645\u0645\u064a\u0632 \u0648\u062c\u0648\u062f\u0629 \u0645\u0644\u0645\u0648\u0633\u0629<\/p><\/div><\/div>\t\t\t\t<\/div>\n\t\t\t\t\t<\/div>\n\t\t<\/div>\n\t\t\t\t<div class=\"elementor-column elementor-col-33 elementor-inner-column elementor-element elementor-element-1179cfc\" data-id=\"1179cfc\" data-element_type=\"column\" data-e-type=\"column\">\n\t\t\t<div class=\"elementor-widget-wrap elementor-element-populated\">\n\t\t\t\t\t\t<div class=\"elementor-element elementor-element-a587c71 animated-fast elementor-invisible elementor-widget elementor-widget-image-box\" data-id=\"a587c71\" data-element_type=\"widget\" data-e-type=\"widget\" data-settings=\"{&quot;_animation&quot;:&quot;opal-move-up&quot;}\" data-widget_type=\"image-box.default\">\n\t\t\t\t\t<div class=\"elementor-image-box-wrapper\"><div class=\"elementor-image-box-content\"><h3 class=\"elementor-image-box-title\">\u062a\u0648\u0635\u064a\u0644 \u0645\u062c\u0627\u0646\u064a<\/h3><p class=\"elementor-image-box-description\">\u062a\u0648\u0635\u064a\u0644 \u0633\u0631\u064a\u0639 \u0648 \u0645\u062c\u0627\u0646\u064a \u0625\u0644\u0649 \u0627\u0644\u0645\u0643\u062a\u0628<\/p><\/div><\/div>\t\t\t\t<\/div>\n\t\t\t\t\t<\/div>\n\t\t<\/div>\n\t\t\t\t<div class=\"elementor-column elementor-col-33 elementor-inner-column elementor-element elementor-element-e93f152\" data-id=\"e93f152\" data-element_type=\"column\" data-e-type=\"column\">\n\t\t\t<div class=\"elementor-widget-wrap elementor-element-populated\">\n\t\t\t\t\t\t<div class=\"elementor-element elementor-element-3896a37 animated-fast elementor-invisible elementor-widget elementor-widget-image-box\" data-id=\"3896a37\" data-element_type=\"widget\" data-e-type=\"widget\" data-settings=\"{&quot;_animation&quot;:&quot;opal-move-left&quot;}\" data-widget_type=\"image-box.default\">\n\t\t\t\t\t<div class=\"elementor-image-box-wrapper\"><div class=\"elementor-image-box-content\"><h3 class=\"elementor-image-box-title\">\u0641\u062d\u0635 \u0627\u0644\u0645\u0646\u062a\u062c<\/h3><p class=\"elementor-image-box-description\">\u0643\u0644 \u0645\u0646\u062a\u062c \u064a\u064f\u0641\u062d\u0651\u0635 \u0642\u0628\u0644 \u0627\u0644\u0625\u0631\u0633\u0627\u0644<\/p><\/div><\/div>\t\t\t\t<\/div>\n\t\t\t\t\t<\/div>\n\t\t<\/div>\n\t\t\t\t\t<\/div>\n\t\t<\/section>\n\t\t\t\t\t<\/div>\n\t\t<\/div>\n\t\t\t\t\t<\/div>\n\t\t<\/section>\n\t\t\t\t<\/div>","protected":false},"excerpt":{"rendered":"<p>A propos baetik est n\u00e9e d\u2019une id\u00e9e simple : apporter chaleur et design moderne aux foyers alg\u00e9riens. Depuis un petit atelier, nous avons d\u00e9velopp\u00e9 des produits esth\u00e9tiques et robustes. Nous privil\u00e9gions la qualit\u00e9 et une livraison facile, avec paiement \u00e0 la livraison pour la tranquillit\u00e9 de nos clients. Pourquoi baetik Design et Qualit\u00e9 Nous promettons [&hellip;]<\/p>","protected":false},"author":1,"featured_media":0,"parent":0,"menu_order":0,"comment_status":"closed","ping_status":"closed","template":"","meta":{"footnotes":""},"class_list":["post-29168","page","type-page","status-publish","hentry"],"jetpack_sharing_enabled":true,"_links":{"self":[{"href":"https:\/\/baetik.com\/ar\/wp-json\/wp\/v2\/pages\/29168","targetHints":{"allow":["GET"]}}],"collection":[{"href":"https:\/\/baetik.com\/ar\/wp-json\/wp\/v2\/pages"}],"about":[{"href":"https:\/\/baetik.com\/ar\/wp-json\/wp\/v2\/types\/page"}],"author":[{"embeddable":true,"href":"https:\/\/baetik.com\/ar\/wp-json\/wp\/v2\/users\/1"}],"replies":[{"embeddable":true,"href":"https:\/\/baetik.com\/ar\/wp-json\/wp\/v2\/comments?post=29168"}],"version-history":[{"count":23,"href":"https:\/\/baetik.com\/ar\/wp-json\/wp\/v2\/pages\/29168\/revisions"}],"predecessor-version":[{"id":29779,"href":"https:\/\/baetik.com\/ar\/wp-json\/wp\/v2\/pages\/29168\/revisions\/29779"}],"wp:attachment":[{"href":"https:\/\/baetik.com\/ar\/wp-json\/wp\/v2\/media?parent=29168"}],"curies":[{"name":"wp","href":"https:\/\/api.w.org\/{rel}","templated":true}]}}