{"id":4594,"date":"2019-08-14T02:42:08","date_gmt":"2019-08-14T02:42:08","guid":{"rendered":"https:\/\/demo2wpopal.b-cdn.net\/auros\/?page_id=4594"},"modified":"2025-11-22T00:33:45","modified_gmt":"2025-11-21T23:33:45","slug":"accueil","status":"publish","type":"page","link":"https:\/\/baetik.com\/ar\/","title":{"rendered":"\u0627\u0644\u0631\u0626\u064a\u0633\u064a\u0629"},"content":{"rendered":"<div data-elementor-type=\"wp-post\" data-elementor-id=\"4594\" class=\"elementor elementor-4594\" data-elementor-post-type=\"page\">\n\t\t\t\t<div class=\"elementor-element elementor-element-1b9d2e7 e-flex e-con-boxed e-con e-parent\" data-id=\"1b9d2e7\" data-element_type=\"container\">\n\t\t\t\t\t<div class=\"e-con-inner\">\n\t\t<div class=\"elementor-element elementor-element-7759c74 e-con-full e-flex e-con e-child\" data-id=\"7759c74\" data-element_type=\"container\">\n\t\t\t\t<div class=\"elementor-element elementor-element-eacbab9 elementor-widget elementor-widget-slider_revolution\" data-id=\"eacbab9\" data-element_type=\"widget\" data-widget_type=\"slider_revolution.default\">\n\t\t\t\t\t\n\t\t<div class=\"wp-block-themepunch-revslider\">\n\t\t\t\t<p class=\"rs-p-wp-fix\"><\/p>\n\t\t\t\t<sr7-module data-alias=\"slider-home20\" data-id=\"3\" id=\"SR7_3_1\" class=\"rs-ov-hidden\" data-version=\"6.7.38\">\n\t\t\t\t\t<sr7-adjuster><\/sr7-adjuster>\n\t\t\t\t\t<sr7-content>\n\t\t\t\t\t\t<sr7-slide id=\"SR7_3_1-7\" data-key=\"7\">\n\t\t\t\t\t\t\t<sr7-txt id=\"SR7_3_1-7-0\" class=\"sr7-layer\">NORIA<\/sr7-txt>\n\t\t\t\t\t\t\t<sr7-txt id=\"SR7_3_1-7-1\" class=\"sr7-layer\">2750DA<\/sr7-txt>\n\t\t\t\t\t\t\t<sr7-txt id=\"SR7_3_1-7-2\" class=\"sr7-layer\">\u0627\u0628\u062a\u062f\u0627\u0621\u0627 \u0645\u0646 <\/sr7-txt>\n\t\t\t\t\t\t<\/sr7-slide>\n\t\t\t\t\t\t<sr7-slide id=\"SR7_3_1-8\" data-key=\"8\">\n\t\t\t\t\t\t\t<sr7-txt id=\"SR7_3_1-8-10\" class=\"sr7-layer\">LUMIIA<\/sr7-txt>\n\t\t\t\t\t\t\t<sr7-txt id=\"SR7_3_1-8-11\" class=\"sr7-layer\">2800DA<\/sr7-txt>\n\t\t\t\t\t\t\t<sr7-txt id=\"SR7_3_1-8-12\" class=\"sr7-layer\">\u0627\u0628\u062a\u062f\u0627\u0621\u0627 \u0645\u0646 <\/sr7-txt>\n\t\t\t\t\t\t<\/sr7-slide>\n\t\t\t\t\t\t<sr7-slide id=\"SR7_3_1-9\" data-key=\"9\">\n\t\t\t\t\t\t\t<sr7-txt id=\"SR7_3_1-9-3\" class=\"sr7-layer\"><i class=\"pe-7s-angle-right\"><\/i><\/sr7-txt>\n\t\t\t\t\t\t\t<sr7-txt id=\"SR7_3_1-9-4\" class=\"sr7-layer\"><i class=\"pe-7s-angle-left\"><\/i><\/sr7-txt>\n\t\t\t\t\t\t<\/sr7-slide>\n\t\t\t\t\t<\/sr7-content>\n\t\t\t\t\t<image_lists style=\"display:none\">\n\t\t\t\t\t\t<img data-src=\"\/\/baetik.com\/wp-content\/uploads\/2025\/10\/IMG_2983-removebg-preview.png\" data-libid=\"29541\" data-lib=\"medialibrary\" title=\"IMG_2983-removebg-preview\" width=\"0\" height=\"0\" data-dbsrc=\"Ly9iYWV0aWsuY29tL3dwLWNvbnRlbnQvdXBsb2Fkcy8yMDI1LzEwL0lNR18yOTgzLXJlbW92ZWJnLXByZXZpZXcucG5n\"\/>\n\t\t\t\t\t\t<img data-src=\"\/\/baetik.com\/wp-content\/uploads\/2025\/10\/20250411_162518726-removebg-preview.png\" data-libid=\"29542\" data-lib=\"medialibrary\" title=\"20250411_162518726-removebg-preview\" width=\"0\" height=\"0\" data-dbsrc=\"Ly9iYWV0aWsuY29tL3dwLWNvbnRlbnQvdXBsb2Fkcy8yMDI1LzEwLzIwMjUwNDExXzE2MjUxODcyNi1yZW1vdmViZy1wcmV2aWV3LnBuZw==\"\/>\n\t\t\t\t\t<\/image_lists>\n\t\t\t\t<\/sr7-module>\n\t\t\t\t<script>\n\t\t\t\t\tSR7.PMH ??={}; SR7.PMH[\"SR7_3_1\"] = {cn:100,state:false,fn: function() { if (_tpt!==undefined && _tpt.prepareModuleHeight !== undefined) {  _tpt.prepareModuleHeight({id:\"SR7_3_1\",el:[860,860,860,800,720],type:'standard',shdw:'0',gh:[860,860,860,800,720],gw:[1400,1400,1024,778,480],vpt:['-100px&#039;,&#039;-100px&#039;,&#039;-100px&#039;,&#039;-100px&#039;,&#039;-100px'],size:{fullWidth:false, fullHeight:false},mh:'0',onh:0,onw:0,bg:{color:'{\"orig\":\"transparent\",\"type\":\"solid\",\"string\":\"transparent\"}'},plType:'0',plColor:'#FFFFFF'});   SR7.PMH[\"SR7_3_1\"].state=true;} else if(SR7.PMH[\"SR7_3_1\"].cn-->0)\tsetTimeout( SR7.PMH[\"SR7_3_1\"].fn,19);}};SR7.PMH[\"SR7_3_1\" ].fn();\n\t\t\t\t<\/script>\n<\/div>\n\n\t\t\t\t\t\t<\/div>\n\t\t\t\t<\/div>\n\t\t\t\t\t<\/div>\n\t\t\t\t<\/div>\n\t\t<div class=\"elementor-element elementor-element-664ca17 e-flex e-con-boxed e-con e-parent\" data-id=\"664ca17\" data-element_type=\"container\">\n\t\t\t\t\t<div class=\"e-con-inner\">\n\t\t<div class=\"elementor-element elementor-element-6596131 e-con-full e-flex e-con e-child\" data-id=\"6596131\" data-element_type=\"container\">\n\t\t<div class=\"elementor-element elementor-element-84919a9 e-con-full e-flex e-con e-child\" data-id=\"84919a9\" data-element_type=\"container\">\n\t\t<div class=\"elementor-element elementor-element-feece2e e-con-full e-flex e-con e-child\" data-id=\"feece2e\" data-element_type=\"container\" data-settings=\"{&quot;background_background&quot;:&quot;classic&quot;}\">\n\t\t\t\t<div class=\"elementor-element elementor-element-e70d24c elementor-widget elementor-widget-heading\" data-id=\"e70d24c\" data-element_type=\"widget\" data-widget_type=\"heading.default\">\n\t\t\t\t\t<h2 class=\"elementor-heading-title elementor-size-default\"><a href=\"#\">\u062b\u0631\u064a\u0627\u062a<\/a><\/h2>\t\t\t\t<\/div>\n\t\t\t\t<\/div>\n\t\t<div class=\"elementor-element elementor-element-dcb16a4 e-con-full e-flex e-con e-child\" data-id=\"dcb16a4\" data-element_type=\"container\" data-settings=\"{&quot;background_background&quot;:&quot;classic&quot;}\">\n\t\t\t\t<div class=\"elementor-element elementor-element-cee97fc elementor-widget elementor-widget-heading\" data-id=\"cee97fc\" data-element_type=\"widget\" data-widget_type=\"heading.default\">\n\t\t\t\t\t<h2 class=\"elementor-heading-title elementor-size-default\"><a href=\"#\">\u062a\u0646\u0638\u064a\u0645 \u0645\u0643\u062a\u0628 \u0648  \u0637\u0627\u0648\u0644\u0629 \u0645\u0643\u064a\u0627\u062c<\/a><\/h2>\t\t\t\t<\/div>\n\t\t\t\t<\/div>\n\t\t\t\t<\/div>\n\t\t<div class=\"elementor-element elementor-element-10aa1bc e-con-full e-flex e-con e-child\" data-id=\"10aa1bc\" data-element_type=\"container\" data-settings=\"{&quot;background_background&quot;:&quot;classic&quot;}\">\n\t\t\t\t<div class=\"elementor-element elementor-element-fe2fee8 elementor-widget elementor-widget-heading\" data-id=\"fe2fee8\" data-element_type=\"widget\" data-widget_type=\"heading.default\">\n\t\t\t\t\t<h2 class=\"elementor-heading-title elementor-size-default\"><a href=\"#\">\u0645\u0632\u0647\u0631\u064a\u0627\u062a<\/a><\/h2>\t\t\t\t<\/div>\n\t\t\t\t<\/div>\n\t\t\t\t<\/div>\n\t\t<div class=\"elementor-element elementor-element-2f88cf1 e-con-full e-flex e-con e-child\" data-id=\"2f88cf1\" data-element_type=\"container\">\n\t\t<div class=\"elementor-element elementor-element-7255832 e-con-full e-flex e-con e-child\" data-id=\"7255832\" data-element_type=\"container\" data-settings=\"{&quot;background_background&quot;:&quot;classic&quot;}\">\n\t\t\t\t<div class=\"elementor-element elementor-element-6d78cc9 elementor-widget elementor-widget-heading\" data-id=\"6d78cc9\" data-element_type=\"widget\" data-widget_type=\"heading.default\">\n\t\t\t\t\t<h2 class=\"elementor-heading-title elementor-size-default\"><a href=\"\/boutique\/\">\u0645\u0635\u0627\u0628\u064a\u062d \u0644\u064a\u0644\u064a\u0629<\/a><\/h2>\t\t\t\t<\/div>\n\t\t\t\t<\/div>\n\t\t<div class=\"elementor-element elementor-element-a103c9b e-con-full e-flex e-con e-child\" data-id=\"a103c9b\" data-element_type=\"container\" data-settings=\"{&quot;background_background&quot;:&quot;classic&quot;}\">\n\t\t\t\t<div class=\"elementor-element elementor-element-28179f3 elementor-widget elementor-widget-heading\" data-id=\"28179f3\" data-element_type=\"widget\" data-widget_type=\"heading.default\">\n\t\t\t\t\t<h2 class=\"elementor-heading-title elementor-size-default\"><a href=\"#\">\u0632\u064a\u0646\u0629 \/ \u062f\u064a\u0643\u0648\u0631\u0627\u062a<\/a><\/h2>\t\t\t\t<\/div>\n\t\t\t\t<\/div>\n\t\t\t\t<\/div>\n\t\t\t\t\t<\/div>\n\t\t\t\t<\/div>\n\t\t<div class=\"elementor-element elementor-element-2225b5d animated-fast e-flex e-con-boxed elementor-invisible e-con e-parent\" data-id=\"2225b5d\" data-element_type=\"container\" data-settings=\"{&quot;animation&quot;:&quot;opal-move-up&quot;}\">\n\t\t\t\t\t<div class=\"e-con-inner\">\n\t\t<div class=\"elementor-element elementor-element-417c0b1 e-con-full e-flex e-con e-child\" data-id=\"417c0b1\" data-element_type=\"container\">\n\t\t\t\t<div class=\"elementor-element elementor-element-42952c4 animated-fast elementor-invisible elementor-widget elementor-widget-heading\" data-id=\"42952c4\" data-element_type=\"widget\" data-settings=\"{&quot;_animation&quot;:&quot;opal-move-up&quot;}\" data-widget_type=\"heading.default\">\n\t\t\t\t\t<h2 class=\"elementor-heading-title elementor-size-default\">\u0645\u0646\u062a\u0627\u062c\u0627\u062a\u0646\u0627<\/h2>\t\t\t\t<\/div>\n\t\t\t\t<div class=\"elementor-element elementor-element-0029fc0 animated-fast elementor-invisible elementor-widget elementor-widget-text-editor\" data-id=\"0029fc0\" data-element_type=\"widget\" data-settings=\"{&quot;_animation&quot;:&quot;opal-move-up&quot;}\" data-widget_type=\"text-editor.default\">\n\t\t\t\t\t\t\t\t\t<p><span style=\"font-weight: 400;\">\u0623\u0636\u064a\u0626\u0648\u0627 \u0645\u0646\u0627\u0632\u0644\u0643\u0645 \u0628\u0645\u0635\u0627\u0628\u064a\u062d \u0627\u0644\u0637\u0627\u0648\u0644\u0629 \u0627\u0644\u0639\u0635\u0631\u064a\u0629 \u0644\u062f\u064a\u0646\u0627\u060c \u062a\u0648\u0635\u064a\u0644 \u0645\u062c\u0627\u0646\u064a \u0648\u0627\u0644\u062f\u0641\u0639 \u0639\u0646\u062f \u0627\u0644\u0627\u0633\u062a\u0644\u0627\u0645.<\/span><span style=\"font-weight: 400;\"><br \/><\/span><\/p>\t\t\t\t\t\t\t\t<\/div>\n\t\t\t\t<div class=\"elementor-element elementor-element-8502b18 elementor-grid-3 elementor-grid-mobile-1 elementor-product-loop-item--align-center elementor-grid-tablet-3 elementor-products-grid elementor-wc-products elementor-widget elementor-widget-woocommerce-products\" data-id=\"8502b18\" data-element_type=\"widget\" data-widget_type=\"woocommerce-products.default\">\n\t\t\t\t<div class=\"elementor-widget-container\">\n\t\t\t\t\t<div class=\"woocommerce columns-3\"><ul class=\"products elementor-grid columns-3\">\n<li class=\"product type-product post-29592 status-publish first instock product_cat-veilleuse has-post-thumbnail sale featured shipping-taxable purchasable product-type-variable\">\n\t<a href=\"https:\/\/baetik.com\/ar\/product\/veilleuse-lumia-led\/\" class=\"woocommerce-LoopProduct-link woocommerce-loop-product__link\">\n\t<span class=\"onsale\" data-no-translation=\"\" data-trp-gettext=\"\">\u062a\u062e\u0641\u064a\u0636!<\/span>\n\t<img fetchpriority=\"high\" decoding=\"async\" width=\"430\" height=\"430\" src=\"https:\/\/baetik.com\/wp-content\/uploads\/2025\/10\/Lumia-night-stand-2-1-430x430.jpg\" class=\"attachment-woocommerce_thumbnail size-woocommerce_thumbnail\" alt=\"Veilleuse Lumia\" srcset=\"https:\/\/baetik.com\/wp-content\/uploads\/2025\/10\/Lumia-night-stand-2-1-430x430.jpg 430w, https:\/\/baetik.com\/wp-content\/uploads\/2025\/10\/Lumia-night-stand-2-1-300x300.jpg 300w, https:\/\/baetik.com\/wp-content\/uploads\/2025\/10\/Lumia-night-stand-2-1-800x800.jpg 800w, https:\/\/baetik.com\/wp-content\/uploads\/2025\/10\/Lumia-night-stand-2-1-150x150.jpg 150w, https:\/\/baetik.com\/wp-content\/uploads\/2025\/10\/Lumia-night-stand-2-1-768x768.jpg 768w, https:\/\/baetik.com\/wp-content\/uploads\/2025\/10\/Lumia-night-stand-2-1-12x12.jpg 12w, https:\/\/baetik.com\/wp-content\/uploads\/2025\/10\/Lumia-night-stand-2-1-700x700.jpg 700w, https:\/\/baetik.com\/wp-content\/uploads\/2025\/10\/Lumia-night-stand-2-1-100x100.jpg 100w, https:\/\/baetik.com\/wp-content\/uploads\/2025\/10\/Lumia-night-stand-2-1.jpg 952w\" sizes=\"(max-width: 430px) 100vw, 430px\" \/><h2 class=\"woocommerce-loop-product__title\">\u0641\u064a\u0648\u0632\u0629 Lumia<\/h2><div class=\"star-rating\" role=\"img\" aria-label=\"\u062a\u0645 \u0627\u0644\u062a\u0642\u064a\u064a\u0645 5.00 \u0645\u0646 5\" data-no-translation-aria-label=\"\"><span style=\"width:100%\" data-no-translation=\"\" data-trp-gettext=\"\">\u062a\u0645 \u0627\u0644\u062a\u0642\u064a\u064a\u0645 <strong class=\"rating\">5.00<\/strong> \u0645\u0646 5<\/span><\/div>\n\t<span class=\"price\"><del aria-hidden=\"true\"><span class=\"woocommerce-Price-amount amount\"><bdi>3150<span class=\"woocommerce-Price-currencySymbol\">DA<\/span><\/bdi><\/span><\/del> <span class=\"screen-reader-text\" data-no-translation=\"\" data-trp-gettext=\"\">\u0627\u0644\u0633\u0639\u0631 \u0627\u0644\u0623\u0635\u0644\u064a \u0647\u0648: 3150DA.<\/span><ins aria-hidden=\"true\"><span class=\"woocommerce-Price-amount amount\"><bdi>2850<span class=\"woocommerce-Price-currencySymbol\">DA<\/span><\/bdi><\/span><\/ins><span class=\"screen-reader-text\" data-no-translation=\"\" data-trp-gettext=\"\">\u0627\u0644\u0633\u0639\u0631 \u0627\u0644\u062d\u0627\u0644\u064a \u0647\u0648: 2850DA.<\/span><\/span>\n<\/a><a href=\"https:\/\/baetik.com\/ar\/product\/veilleuse-lumia-led\/\" aria-describedby=\"woocommerce_loop_add_to_cart_link_describedby_29592\" data-quantity=\"1\" class=\"button product_type_variable add_to_cart_button\" data-product_id=\"29592\" data-product_sku=\"\" aria-label=\"\u062a\u062d\u062f\u064a\u062f \u0627\u0644\u062e\u064a\u0627\u0631\u0627\u062a \u0644\u0640 &quot;Veilleuse Lumia&quot;\" rel=\"nofollow\" data-no-translation=\"\" data-trp-gettext=\"\" data-no-translation-aria-label=\"\">\u0639\u0631\u0636 \u0627\u0644\u062e\u064a\u0627\u0631\u0627\u062a<\/a>\t<span id=\"woocommerce_loop_add_to_cart_link_describedby_29592\" class=\"screen-reader-text\">\n\t\t\u0647\u0646\u0627\u0643 \u0627\u0644\u0639\u062f\u064a\u062f \u0645\u0646 \u0627\u0644\u0623\u0634\u0643\u0627\u0644 \u0627\u0644\u0645\u062e\u062a\u0644\u0641\u0629 \u0644\u0647\u0630\u0627 \u0627\u0644\u0645\u0646\u062a\u062c. \u064a\u0645\u0643\u0646 \u0627\u062e\u062a\u064a\u0627\u0631 \u0627\u0644\u062e\u064a\u0627\u0631\u0627\u062a \u0639\u0644\u0649 \u0635\u0641\u062d\u0629 \u0627\u0644\u0645\u0646\u062a\u062c\t<\/span>\n<\/li>\n<li class=\"product type-product post-29118 status-publish instock product_cat-veilleuse has-post-thumbnail sale featured shipping-taxable purchasable product-type-variable\">\n\t<a href=\"https:\/\/baetik.com\/ar\/product\/veilleuse-noria-led\/\" class=\"woocommerce-LoopProduct-link woocommerce-loop-product__link\">\n\t<span class=\"onsale\" data-no-translation=\"\" data-trp-gettext=\"\">\u062a\u062e\u0641\u064a\u0636!<\/span>\n\t<img loading=\"lazy\" decoding=\"async\" width=\"430\" height=\"430\" src=\"https:\/\/baetik.com\/wp-content\/uploads\/2025\/10\/P1030162-e1760746675137-430x430.png\" class=\"attachment-woocommerce_thumbnail size-woocommerce_thumbnail\" alt=\"Veilleuse Noria\" srcset=\"https:\/\/baetik.com\/wp-content\/uploads\/2025\/10\/P1030162-e1760746675137-430x430.png 430w, https:\/\/baetik.com\/wp-content\/uploads\/2025\/10\/P1030162-e1760746675137-100x100.png 100w, https:\/\/baetik.com\/wp-content\/uploads\/2025\/10\/P1030162-e1760746675137-700x700.png 700w, https:\/\/baetik.com\/wp-content\/uploads\/2025\/10\/P1030162-e1760746675137-300x300.png 300w, https:\/\/baetik.com\/wp-content\/uploads\/2025\/10\/P1030162-e1760746675137-800x800.png 800w, https:\/\/baetik.com\/wp-content\/uploads\/2025\/10\/P1030162-e1760746675137-150x150.png 150w, https:\/\/baetik.com\/wp-content\/uploads\/2025\/10\/P1030162-e1760746675137-768x768.png 768w, https:\/\/baetik.com\/wp-content\/uploads\/2025\/10\/P1030162-e1760746675137.png 1438w\" sizes=\"(max-width: 430px) 100vw, 430px\" \/><h2 class=\"woocommerce-loop-product__title\">\u0641\u064a\u0648\u0632\u0629 Noria<\/h2><div class=\"star-rating\" role=\"img\" aria-label=\"\u062a\u0645 \u0627\u0644\u062a\u0642\u064a\u064a\u0645 5.00 \u0645\u0646 5\" data-no-translation-aria-label=\"\"><span style=\"width:100%\" data-no-translation=\"\" data-trp-gettext=\"\">\u062a\u0645 \u0627\u0644\u062a\u0642\u064a\u064a\u0645 <strong class=\"rating\">5.00<\/strong> \u0645\u0646 5<\/span><\/div>\n\t<span class=\"price\"><del aria-hidden=\"true\"><span class=\"woocommerce-Price-amount amount\"><bdi>3100<span class=\"woocommerce-Price-currencySymbol\">DA<\/span><\/bdi><\/span><\/del> <span class=\"screen-reader-text\" data-no-translation=\"\" data-trp-gettext=\"\">\u0627\u0644\u0633\u0639\u0631 \u0627\u0644\u0623\u0635\u0644\u064a \u0647\u0648: 3100DA.<\/span><ins aria-hidden=\"true\"><span class=\"woocommerce-Price-amount amount\"><bdi>2900<span class=\"woocommerce-Price-currencySymbol\">DA<\/span><\/bdi><\/span><\/ins><span class=\"screen-reader-text\" data-no-translation=\"\" data-trp-gettext=\"\">\u0627\u0644\u0633\u0639\u0631 \u0627\u0644\u062d\u0627\u0644\u064a \u0647\u0648: 2900DA.<\/span><\/span>\n<\/a><a href=\"https:\/\/baetik.com\/ar\/product\/veilleuse-noria-led\/\" aria-describedby=\"woocommerce_loop_add_to_cart_link_describedby_29118\" data-quantity=\"1\" class=\"button product_type_variable add_to_cart_button\" data-product_id=\"29118\" data-product_sku=\"\" aria-label=\"\u062a\u062d\u062f\u064a\u062f \u0627\u0644\u062e\u064a\u0627\u0631\u0627\u062a \u0644\u0640 &quot;Veilleuse Noria&quot;\" rel=\"nofollow\" data-no-translation=\"\" data-trp-gettext=\"\" data-no-translation-aria-label=\"\">\u0639\u0631\u0636 \u0627\u0644\u062e\u064a\u0627\u0631\u0627\u062a<\/a>\t<span id=\"woocommerce_loop_add_to_cart_link_describedby_29118\" class=\"screen-reader-text\">\n\t\t\u0647\u0646\u0627\u0643 \u0627\u0644\u0639\u062f\u064a\u062f \u0645\u0646 \u0627\u0644\u0623\u0634\u0643\u0627\u0644 \u0627\u0644\u0645\u062e\u062a\u0644\u0641\u0629 \u0644\u0647\u0630\u0627 \u0627\u0644\u0645\u0646\u062a\u062c. \u064a\u0645\u0643\u0646 \u0627\u062e\u062a\u064a\u0627\u0631 \u0627\u0644\u062e\u064a\u0627\u0631\u0627\u062a \u0639\u0644\u0649 \u0635\u0641\u062d\u0629 \u0627\u0644\u0645\u0646\u062a\u062c\t<\/span>\n<\/li>\n<\/ul>\n<\/div>\t\t\t\t<\/div>\n\t\t\t\t<\/div>\n\t\t\t\t<div class=\"elementor-element elementor-element-978f4c2 elementor-align-center animated-fast elementor-invisible elementor-widget elementor-widget-button\" data-id=\"978f4c2\" data-element_type=\"widget\" data-settings=\"{&quot;_animation&quot;:&quot;opal-move-up&quot;}\" data-widget_type=\"button.default\">\n\t\t\t\t\t\t\t\t\t\t<a class=\"elementor-button elementor-button-link elementor-size-sm elementor-animation-grow\" href=\"\/boutique\/\" target=\"_blank\">\n\t\t\t\t\t\t<span class=\"elementor-button-content-wrapper\">\n\t\t\t\t\t\t\t\t\t<span class=\"elementor-button-text\">\u0639\u0631\u0636 \u062c\u0645\u064a\u0639 \u0627\u0644\u0645\u0646\u062a\u062c\u0627\u062a<\/span>\n\t\t\t\t\t<\/span>\n\t\t\t\t\t<\/a>\n\t\t\t\t\t\t\t\t<\/div>\n\t\t\t\t<\/div>\n\t\t\t\t\t<\/div>\n\t\t\t\t<\/div>\n\t\t<div class=\"elementor-element elementor-element-d6cf853 e-flex e-con-boxed e-con e-parent\" data-id=\"d6cf853\" data-element_type=\"container\">\n\t\t\t\t\t<div class=\"e-con-inner\">\n\t\t<div class=\"elementor-element elementor-element-619c683 e-con-full e-flex e-con e-child\" data-id=\"619c683\" data-element_type=\"container\" data-settings=\"{&quot;background_background&quot;:&quot;classic&quot;}\">\n\t\t\t\t<div class=\"elementor-element elementor-element-d70740a elementor-widget elementor-widget-testimonial\" data-id=\"d70740a\" data-element_type=\"widget\" data-widget_type=\"testimonial.default\">\n\t\t\t\t\t\t\t<div class=\"elementor-testimonial-wrapper\">\n\t\t\t\t\t\t\t<div class=\"elementor-testimonial-content\">\"The essence of interior design will always be about people and how they live\"<\/div>\n\t\t\t\n\t\t\t\t\t\t<div class=\"elementor-testimonial-meta\">\n\t\t\t\t<div class=\"elementor-testimonial-meta-inner\">\n\t\t\t\t\t\n\t\t\t\t\t\t\t\t\t\t<div class=\"elementor-testimonial-details\">\n\t\t\t\t\t\t\t\t\t\t\t\t\t\t<div class=\"elementor-testimonial-name\">Nate Berkus<\/div>\n\t\t\t\t\t\t\t\t\t\t\t\t\t\t\t\t\t\t\t\t\t\t<div class=\"elementor-testimonial-job\">Interio designer<\/div>\n\t\t\t\t\t\t\t\t\t\t\t\t\t<\/div>\n\t\t\t\t\t\t\t\t\t<\/div>\n\t\t\t<\/div>\n\t\t\t\t\t<\/div>\n\t\t\t\t\t\t<\/div>\n\t\t\t\t<\/div>\n\t\t\t\t\t<\/div>\n\t\t\t\t<\/div>\n\t\t\t\t<\/div>","protected":false},"excerpt":{"rendered":"<p>Lustres Rangement bureau et coiffeuse Vases Veilleuses D\u00e9corations Nos produits \u00c9clairez votre maison avec nos lampes de table modernes, livraison gratuite et paiement \u00e0 la livraison. + Voir tous les produits \u00ab\u00a0The essence of interior design will always be about people and how they live\u00a0\u00bb Nate Berkus Interio designer<\/p>","protected":false},"author":1,"featured_media":0,"parent":0,"menu_order":0,"comment_status":"closed","ping_status":"closed","template":"","meta":{"footnotes":""},"class_list":["post-4594","page","type-page","status-publish","hentry"],"jetpack_sharing_enabled":true,"_links":{"self":[{"href":"https:\/\/baetik.com\/ar\/wp-json\/wp\/v2\/pages\/4594","targetHints":{"allow":["GET"]}}],"collection":[{"href":"https:\/\/baetik.com\/ar\/wp-json\/wp\/v2\/pages"}],"about":[{"href":"https:\/\/baetik.com\/ar\/wp-json\/wp\/v2\/types\/page"}],"author":[{"embeddable":true,"href":"https:\/\/baetik.com\/ar\/wp-json\/wp\/v2\/users\/1"}],"replies":[{"embeddable":true,"href":"https:\/\/baetik.com\/ar\/wp-json\/wp\/v2\/comments?post=4594"}],"version-history":[{"count":73,"href":"https:\/\/baetik.com\/ar\/wp-json\/wp\/v2\/pages\/4594\/revisions"}],"predecessor-version":[{"id":30040,"href":"https:\/\/baetik.com\/ar\/wp-json\/wp\/v2\/pages\/4594\/revisions\/30040"}],"wp:attachment":[{"href":"https:\/\/baetik.com\/ar\/wp-json\/wp\/v2\/media?parent=4594"}],"curies":[{"name":"wp","href":"https:\/\/api.w.org\/{rel}","templated":true}]}}