{"id":29592,"date":"2025-10-25T23:04:53","date_gmt":"2025-10-25T22:04:53","guid":{"rendered":"https:\/\/baetik.com\/?post_type=product&#038;p=29592"},"modified":"2026-01-19T17:08:00","modified_gmt":"2026-01-19T16:08:00","slug":"veilleuse-lumia-led","status":"publish","type":"product","link":"https:\/\/baetik.com\/ar\/product\/veilleuse-lumia-led\/","title":{"rendered":"\u0641\u064a\u0648\u0632\u0629 Lumia"},"content":{"rendered":"<p data-start=\"78\" data-end=\"119\">\u0645\u0635\u0628\u0627\u062d \u0637\u0627\u0648\u0644\u0629 Lumia : \u0627\u0644\u0631\u0642\u0629 \u0648\u0627\u0644\u0623\u0646\u0627\u0642\u0629<\/p>\n<p data-start=\"121\" data-end=\"358\">Lumia \u062a\u0635\u0645\u064a\u0645 \u063a\u064a\u0645\u0629 \u0636\u0627\u0648\u064a\u0629: \u062c\u0633\u0645 \u062f\u0627\u0626\u0631\u064a \u0648\u0646\u0627\u0639\u0645\u060c \u0642\u0627\u0639\u062f\u0629 \u0628\u062f\u0648\u0646 \u0623\u0631\u062c\u0644  \u0645\u062b\u0627\u0644\u064a\u0629 \u0644\u0644\u0645\u0643\u062a\u0628 \u0623\u0648 \u0637\u0627\u0648\u0644\u0629 \u0627\u0644\u0646\u0648\u0645. \u062a\u0635\u0645\u064a\u0645 \u0628\u0633\u064a\u0637 \u0648\u0623\u0646\u064a\u0642 \u0645\u0646 baetik \u064a\u0636\u064a\u0641 \u062d\u0636\u0648\u0631 \u062f\u0627\u0641\u0626 \u0644\u0644\u0645\u0643\u0627\u0646 \u0628\u0644\u0627 \u062b\u0642\u0644.<\/p>\n<p data-start=\"360\" data-end=\"377\">\u0627\u0644\u062d\u062c\u0645 \u0648\u0627\u0644\u0627\u0633\u062a\u062e\u062f\u0627\u0645<\/p>\n<ul data-start=\"378\" data-end=\"551\">\n<li data-start=\"378\" data-end=\"451\">\n<p data-start=\"380\" data-end=\"451\">\u062d\u062c\u0645 \u0645\u062a\u0648\u0633\u0637 (16 \u00d7 16 \u00d7 24 \u0633\u0645) \u060c \u0645\u0646\u0627\u0633\u0628 \u0644\u0637\u0627\u0648\u0644\u0629 \u0627\u0644\u0646\u0648\u0645\u060c \u0627\u0644\u0645\u0643\u062a\u0628 \u0623\u0648 \u0632\u0627\u0648\u064a\u0629 \u0642\u0631\u0627\u0621\u0629.<\/p>\n<\/li>\n<li data-start=\"452\" data-end=\"551\">\n<p data-start=\"454\" data-end=\"551\">\u0627\u0644\u0625\u062d\u0633\u0627\u0633: \u0636\u0648 \u062e\u0627\u0641\u062a \u0648\u062f\u0627\u0641\u0626 \u064a\u062e\u0644\u0642 \u062c\u0648 \u0645\u0631\u064a\u062d \u0648 \u0627\u0633\u062a\u0631\u062e\u0627\u0626\u064a.<\/p>\n<\/li>\n<\/ul>\n<p data-start=\"553\" data-end=\"575\">\u0627\u0644\u0645\u0627\u062f\u0629 \u0648 \u0627\u0644\u0627\u0633\u062a\u0639\u0645\u0627\u0644<\/p>\n<ul data-start=\"576\" data-end=\"821\">\n<li data-start=\"576\" data-end=\"667\">\n<p data-start=\"578\" data-end=\"667\">\u0645\u0635\u0646\u0648\u0639 \u0645\u0646 PLA \u0628\u0644\u0627\u0633\u062a\u064a\u0643 \u0639\u0627\u0644\u064a \u0627\u0644\u062c\u0648\u062f\u0629: \u0644\u0645\u0633\u0629 \u0646\u0627\u0639\u0645\u0629 \u0648\u0625\u062e\u0631\u0627\u062c \u0636\u0648 \u0645\u062a\u0633\u0627\u0648\u064a.<\/p>\n<\/li>\n<li data-start=\"668\" data-end=\"821\">\n<p data-start=\"670\" data-end=\"821\">\u0627\u0644\u0644\u0645\u0628\u0629: \u064a\u0634\u062a\u063a\u0644 \u063a\u064a\u0631 \u0628\u0644\u0645\u0628\u0629 LED E14. <strong>\u0645\u0647\u0645 \u062c\u062f\u0627\u064b: \u0627\u0633\u062a\u0639\u0645\u0644\u0648\u0627 \u0641\u0642\u0637 \u0644\u0645\u0628\u0627\u062a LED - \u0644\u0635\u062d\u0629 \u0627\u0644\u0627\u0633\u062a\u0639\u0645\u0627\u0644\u060c \u0637\u0648\u0644 \u0627\u0644\u0639\u0645\u0631\u060c \u0648\u0623\u0641\u0636\u0644 \u0623\u062f\u0627\u0621.<\/strong><\/p>\n<\/li>\n<\/ul>\n<p data-start=\"823\" data-end=\"844\">\u0639\u0644\u0627\u0634 \u062a\u062e\u062a\u0627\u0631\u0647\u0627<\/p>\n<ul data-start=\"845\" data-end=\"1205\">\n<li data-start=\"845\" data-end=\"909\">\n<p data-start=\"847\" data-end=\"909\">\u0634\u0643\u0644 \u0646\u0627\u0639\u0645 \u064a\u0639\u0637\u064a \u062f\u0641\u0621 \u0648\u062d\u062f\u0627\u062b\u0629 \u0644\u0644\u0645\u0643\u0627\u0646.<\/p>\n<\/li>\n<li data-start=\"910\" data-end=\"989\">\n<p data-start=\"912\" data-end=\"989\">\u0642\u0637\u0639\u0629 \u0635\u063a\u064a\u0631\u0629 \u0644\u0643\u0646\u0647\u0627 \u0630\u0627\u062a \u062a\u0623\u062b\u064a\u0631 \u0648\u0627\u0636\u062d \u0641\u064a \u0627\u0644\u062f\u064a\u0643\u0648\u0631.<\/p>\n<\/li>\n<li data-start=\"990\" data-end=\"1061\">\n<p data-start=\"992\" data-end=\"1061\">\u062a\u0646\u062c\u0645 \u062a\u0646\u062f\u0645\u062c \u0645\u0639 \u0627\u0644\u062e\u0634\u0628 \u0627\u0644\u0641\u0627\u062a\u062d\u060c \u0623\u0642\u0645\u0634\u0629 \u0637\u0628\u064a\u0639\u064a\u0629 \u0623\u0648 \u0645\u0639\u062f\u0646 \u063a\u064a\u0631 \u0644\u0627\u0645\u0639.<\/p>\n<\/li>\n<li data-start=\"1062\" data-end=\"1141\">\n<p data-start=\"1064\" data-end=\"1141\">\u0627\u0644\u0642\u0627\u0639\u062f\u0629 \u062a\u062c\u064a \u0628\u0644\u0648\u0646\u064a\u0646: \u0643\u0631\u064a\u0645\u064a \u0623\u0648 \u0623\u062e\u0636\u0631 \u0644\u0644\u0627\u062e\u062a\u064a\u0627\u0631.<\/p>\n<\/li>\n<li data-start=\"1142\" data-end=\"1205\">\n<p data-start=\"1144\" data-end=\"1205\">\u0645\u0635\u0646\u0648\u0639\u0629 \u0641\u064a \u0627\u0644\u062c\u0632\u0627\u0626\u0631 \u062c\u0648\u062f\u0629 \u0645\u062d\u0644\u064a\u0629 \u0648\u0645\u062a\u0627\u0628\u0639\u0629 \u062f\u0642\u064a\u0642\u0629.<\/p>\n<\/li>\n<\/ul>\n<p data-start=\"1207\" data-end=\"1234\">\u0646\u0635\u0627\u0626\u062d \u0627\u0644\u062a\u0646\u0633\u064a\u0642<\/p>\n<ul data-start=\"1235\" data-end=\"1491\">\n<li data-start=\"1235\" data-end=\"1292\">\n<p data-start=\"1237\" data-end=\"1292\">\u0639\u0644\u0649 \u0637\u0627\u0648\u0644\u0629 \u0627\u0644\u0646\u0648\u0645 \u0644\u0636\u0648 \u0647\u0627\u062f\u0626 \u0642\u0628\u0644 \u0627\u0644\u0646\u0648\u0645.<\/p>\n<\/li>\n<li data-start=\"1293\" data-end=\"1367\">\n<p data-start=\"1295\" data-end=\"1367\">\u0639\u0644\u0649 \u0627\u0644\u0645\u0643\u062a\u0628 \u0644\u0636\u0648 \u0644\u0637\u064a\u0641 \u0623\u062b\u0646\u0627\u0621 \u0627\u0644\u0639\u0645\u0644 \u0623\u0648 \u0627\u0644\u0645\u0637\u0627\u0644\u0639\u0629.<\/p>\n<\/li>\n<\/ul>\n<p data-start=\"1493\" data-end=\"1596\">\u00abLumia \u0645\u0635\u0628\u0627\u062d \u0635\u063a\u064a\u0631 \u064a\u062d\u0648\u0644 \u0627\u0644\u0636\u0648\u0621 \u0644\u062a\u062d\u0641\u0629 \u0641\u0646\u064a\u0629 \u0648\u0623\u062c\u0648\u0627\u0621 \u062f\u0627\u0641\u0626\u0629.\u00bb<\/p>","protected":false},"excerpt":{"rendered":"<p data-start=\"122\" data-end=\"405\">Lumia \u062a\u0635\u0645\u064a\u0645 \u063a\u064a\u0645\u0629 \u0636\u0627\u0648\u064a\u0629: \u062c\u0633\u0645 \u062f\u0627\u0626\u0631\u064a \u0648\u0646\u0627\u0639\u0645\u060c \u0642\u0627\u0639\u062f\u0629 \u0628\u062f\u0648\u0646 \u0623\u0631\u062c\u0644  \u0645\u062b\u0627\u0644\u064a\u0629 \u0644\u0644\u0645\u0643\u062a\u0628 \u0623\u0648 \u0637\u0627\u0648\u0644\u0629 \u0627\u0644\u0646\u0648\u0645. \u062a\u0635\u0645\u064a\u0645 \u0628\u0633\u064a\u0637 \u0648\u0623\u0646\u064a\u0642 \u0645\u0646 baetik \u064a\u0636\u064a\u0641 \u062d\u0636\u0648\u0631 \u062f\u0627\u0641\u0626 \u0644\u0644\u0645\u0643\u0627\u0646 \u0628\u0644\u0627 \u062b\u0642\u0644.<\/p>\n<p><em><strong>Important : n\u2019utilisez AUCUNE autre ampoule que LED \u2013 pour assurer s\u00e9curit\u00e9, long\u00e9vit\u00e9 et performance optimale.<\/strong><\/em><\/p>\n<h3><em><strong><br \/>\n<\/strong><\/em><strong>\u2b07\ufe0f<\/strong><strong> \u0627\u0645\u0644\u0623 \u0627\u0633\u062a\u0645\u0627\u0631\u0629 \u0627\u0644\u0637\u0644\u0628 \u0623\u062f\u0646\u0627\u0647 \u0644\u062a\u0623\u0643\u064a\u062f \u0637\u0644\u0628\u0643<\/strong><em><strong><br \/>\n<\/strong><\/em><\/h3>","protected":false},"featured_media":29893,"comment_status":"open","ping_status":"closed","template":"","meta":[],"product_brand":[],"product_cat":[119],"product_tag":[],"class_list":{"0":"post-29592","1":"product","2":"type-product","3":"status-publish","4":"has-post-thumbnail","6":"product_cat-veilleuse","8":"first","9":"instock","10":"sale","11":"featured","12":"shipping-taxable","13":"purchasable","14":"product-type-variable"},"jetpack_sharing_enabled":true,"_links":{"self":[{"href":"https:\/\/baetik.com\/ar\/wp-json\/wp\/v2\/product\/29592","targetHints":{"allow":["GET"]}}],"collection":[{"href":"https:\/\/baetik.com\/ar\/wp-json\/wp\/v2\/product"}],"about":[{"href":"https:\/\/baetik.com\/ar\/wp-json\/wp\/v2\/types\/product"}],"replies":[{"embeddable":true,"href":"https:\/\/baetik.com\/ar\/wp-json\/wp\/v2\/comments?post=29592"}],"version-history":[{"count":9,"href":"https:\/\/baetik.com\/ar\/wp-json\/wp\/v2\/product\/29592\/revisions"}],"predecessor-version":[{"id":30032,"href":"https:\/\/baetik.com\/ar\/wp-json\/wp\/v2\/product\/29592\/revisions\/30032"}],"wp:featuredmedia":[{"embeddable":true,"href":"https:\/\/baetik.com\/ar\/wp-json\/wp\/v2\/media\/29893"}],"wp:attachment":[{"href":"https:\/\/baetik.com\/ar\/wp-json\/wp\/v2\/media?parent=29592"}],"wp:term":[{"taxonomy":"product_brand","embeddable":true,"href":"https:\/\/baetik.com\/ar\/wp-json\/wp\/v2\/product_brand?post=29592"},{"taxonomy":"product_cat","embeddable":true,"href":"https:\/\/baetik.com\/ar\/wp-json\/wp\/v2\/product_cat?post=29592"},{"taxonomy":"product_tag","embeddable":true,"href":"https:\/\/baetik.com\/ar\/wp-json\/wp\/v2\/product_tag?post=29592"}],"curies":[{"name":"wp","href":"https:\/\/api.w.org\/{rel}","templated":true}]}}